{"id":434,"date":"2025-04-07T10:17:00","date_gmt":"2025-04-07T10:17:00","guid":{"rendered":"https:\/\/effectivenutrition.se\/?page_id=434"},"modified":"2025-05-21T17:05:25","modified_gmt":"2025-05-21T17:05:25","slug":"approach","status":"publish","type":"page","link":"https:\/\/effectivenutrition.se\/sv\/approach\/","title":{"rendered":"Metod"},"content":{"rendered":"<div data-elementor-type=\"wp-page\" data-elementor-id=\"434\" class=\"elementor elementor-434\" data-elementor-post-type=\"page\">\n\t\t\t\t<div class=\"elementor-element elementor-element-6f80182 elementor-hidden-tablet elementor-hidden-mobile e-flex e-con-boxed e-con e-parent\" data-id=\"6f80182\" data-element_type=\"container\" data-e-type=\"container\" data-settings=\"{&quot;background_background&quot;:&quot;classic&quot;}\">\n\t\t\t\t\t<div class=\"e-con-inner\">\n\t\t<div class=\"elementor-element elementor-element-6fe7742 e-con-full e-flex e-con e-child\" data-id=\"6fe7742\" data-element_type=\"container\" data-e-type=\"container\">\n\t\t<div class=\"elementor-element elementor-element-e6d5bfc e-con-full e-grid e-con e-child\" data-id=\"e6d5bfc\" data-element_type=\"container\" data-e-type=\"container\">\n\t\t\t\t<div class=\"elementor-element elementor-element-21fc095 elementor-widget-divider--view-line elementor-widget elementor-widget-divider\" data-id=\"21fc095\" data-element_type=\"widget\" data-e-type=\"widget\" data-widget_type=\"divider.default\">\n\t\t\t\t<div class=\"elementor-widget-container\">\n\t\t\t\t\t\t\t<div class=\"elementor-divider\">\n\t\t\t<span class=\"elementor-divider-separator\">\n\t\t\t\t\t\t<\/span>\n\t\t<\/div>\n\t\t\t\t\t\t<\/div>\n\t\t\t\t<\/div>\n\t\t\t\t<div class=\"elementor-element elementor-element-21a981c elementor-widget elementor-widget-heading\" data-id=\"21a981c\" data-element_type=\"widget\" data-e-type=\"widget\" data-widget_type=\"heading.default\">\n\t\t\t\t<div class=\"elementor-widget-container\">\n\t\t\t\t\t<h2 class=\"elementor-heading-title elementor-size-default\">V\u00e5r<\/h2>\t\t\t\t<\/div>\n\t\t\t\t<\/div>\n\t\t\t\t<\/div>\n\t\t<div class=\"elementor-element elementor-element-eea585d e-con-full e-flex elementor-invisible e-con e-child\" data-id=\"eea585d\" data-element_type=\"container\" data-e-type=\"container\" data-settings=\"{&quot;animation&quot;:&quot;fadeInDown&quot;}\">\n\t\t\t\t<div class=\"elementor-element elementor-element-3c31e1e elementor-widget elementor-widget-heading\" data-id=\"3c31e1e\" data-element_type=\"widget\" data-e-type=\"widget\" data-widget_type=\"heading.default\">\n\t\t\t\t<div class=\"elementor-widget-container\">\n\t\t\t\t\t<h2 class=\"elementor-heading-title elementor-size-default\">Metod<\/h2>\t\t\t\t<\/div>\n\t\t\t\t<\/div>\n\t\t\t\t<\/div>\n\t\t\t\t<\/div>\n\t\t\t\t\t<\/div>\n\t\t\t\t<\/div>\n\t\t\t\t<section class=\"elementor-section elementor-top-section elementor-element elementor-element-9e74c5e elementor-section-height-min-height elementor-hidden-desktop elementor-section-boxed elementor-section-height-default elementor-section-items-middle\" data-id=\"9e74c5e\" data-element_type=\"section\" data-e-type=\"section\" data-settings=\"{&quot;background_background&quot;:&quot;classic&quot;}\">\n\t\t\t\t\t\t\t<div class=\"elementor-background-overlay\"><\/div>\n\t\t\t\t\t\t\t<div class=\"elementor-container elementor-column-gap-default\">\n\t\t\t\t\t<div class=\"elementor-column elementor-col-100 elementor-top-column elementor-element elementor-element-c01e353\" data-id=\"c01e353\" data-element_type=\"column\" data-e-type=\"column\">\n\t\t\t<div class=\"elementor-widget-wrap elementor-element-populated\">\n\t\t\t\t<div class=\"elementor-element elementor-element-efd6f76 e-con-full e-flex e-con e-parent\" data-id=\"efd6f76\" data-element_type=\"container\" data-e-type=\"container\">\n\t\t<div class=\"elementor-element elementor-element-94c6bb7 e-con-full e-grid e-con e-child\" data-id=\"94c6bb7\" data-element_type=\"container\" data-e-type=\"container\">\n\t\t\t\t<div class=\"elementor-element elementor-element-3b6bce8 elementor-absolute elementor-widget-divider--view-line elementor-widget elementor-widget-divider\" data-id=\"3b6bce8\" data-element_type=\"widget\" data-e-type=\"widget\" data-settings=\"{&quot;_position&quot;:&quot;absolute&quot;}\" data-widget_type=\"divider.default\">\n\t\t\t\t<div class=\"elementor-widget-container\">\n\t\t\t\t\t\t\t<div class=\"elementor-divider\">\n\t\t\t<span class=\"elementor-divider-separator\">\n\t\t\t\t\t\t<\/span>\n\t\t<\/div>\n\t\t\t\t\t\t<\/div>\n\t\t\t\t<\/div>\n\t\t\t\t<div class=\"elementor-element elementor-element-67f0419 elementor-widget elementor-widget-heading\" data-id=\"67f0419\" data-element_type=\"widget\" data-e-type=\"widget\" data-widget_type=\"heading.default\">\n\t\t\t\t<div class=\"elementor-widget-container\">\n\t\t\t\t\t<h2 class=\"elementor-heading-title elementor-size-default\">V\u00e5r <span style=\"font-family: 'Clicker Script', sans-serif;font-size:46px;font-weight:Bold\">Metod<\/h2>\t\t\t\t<\/div>\n\t\t\t\t<\/div>\n\t\t\t\t<\/div>\n\t\t\t\t<\/div>\n\t\t\t\t\t<\/div>\n\t\t<\/div>\n\t\t\t\t\t<\/div>\n\t\t<\/section>\n\t\t\t\t<section class=\"elementor-section elementor-top-section elementor-element elementor-element-a4f8311 elementor-section-boxed elementor-section-height-default elementor-section-height-default\" data-id=\"a4f8311\" data-element_type=\"section\" data-e-type=\"section\" data-settings=\"{&quot;background_background&quot;:&quot;classic&quot;}\">\n\t\t\t\t\t\t<div class=\"elementor-container elementor-column-gap-default\">\n\t\t\t\t\t<div class=\"elementor-column elementor-col-50 elementor-top-column elementor-element elementor-element-faa8545\" data-id=\"faa8545\" data-element_type=\"column\" data-e-type=\"column\">\n\t\t\t<div class=\"elementor-widget-wrap elementor-element-populated\">\n\t\t\t\t\t\t<div class=\"elementor-element elementor-element-66bfa7f elementor-widget elementor-widget-heading\" data-id=\"66bfa7f\" data-element_type=\"widget\" data-e-type=\"widget\" data-widget_type=\"heading.default\">\n\t\t\t\t<div class=\"elementor-widget-container\">\n\t\t\t\t\t<h2 class=\"elementor-heading-title elementor-size-default\">Ge din kropp n\u00e4ring \u2013 st\u00e4rk ditt liv<\/h2>\t\t\t\t<\/div>\n\t\t\t\t<\/div>\n\t\t\t\t<div class=\"elementor-element elementor-element-b4f4916 elementor-widget elementor-widget-text-editor\" data-id=\"b4f4916\" data-element_type=\"widget\" data-e-type=\"widget\" data-widget_type=\"text-editor.default\">\n\t\t\t\t<div class=\"elementor-widget-container\">\n\t\t\t\t\t\t\t\t\t<p><span dir=\"ltr\" role=\"presentation\">Blir du sugen p\u00e5 att sm\u00e5\u00e4ta n\u00e4r du k\u00e4nner dig stressad p\u00e5 jobbet eller i dina relationer? <\/span><span dir=\"ltr\" role=\"presentation\">G\u00f6r s\u00f6mnbrist eller l\u00e5g energi det sv\u00e5rt att h\u00e5lla dig aktiv? <\/span><span dir=\"ltr\" role=\"presentation\">Har du testat flera dieter utan att f\u00e5 h\u00e5llbara resultat?<\/span><\/p>\t\t\t\t\t\t\t\t<\/div>\n\t\t\t\t<\/div>\n\t\t\t\t<div class=\"elementor-element elementor-element-95206f2 elementor-widget elementor-widget-text-editor\" data-id=\"95206f2\" data-element_type=\"widget\" data-e-type=\"widget\" data-widget_type=\"text-editor.default\">\n\t\t\t\t<div class=\"elementor-widget-container\">\n\t\t\t\t\t\t\t\t\t<p><span dir=\"ltr\" role=\"presentation\">P\u00e5 Effective Nutrition f\u00f6rst\u00e5r jag att sann h\u00e4lsa inte handlar om strikta dieter eller att s\u00e4tta etiketter som <\/span><span dir=\"ltr\" role=\"presentation\">\u201cbra\u201d eller \u201cd\u00e5lig\u201d p\u00e5 maten. Det handlar ist\u00e4llet om att l\u00e4ra sig lyssna p\u00e5 kroppen och <\/span><span dir=\"ltr\" role=\"presentation\">f\u00f6rst\u00e5 dina unika behov och g\u00f6ra medvetna val som passar din livsstil.<\/span><\/p><p><strong>Tillsammans g\u00f6r vi det h\u00e4r:<\/strong><\/p><ul><li>Skapa en personlig kostplan som passar din vardag och dina m\u00e5l.<\/li><li>Utforska strategier f\u00f6r att hantera stress och k\u00e4nslo\u00e4tande.<\/li><li>Skapa h\u00e5llbara vanor som st\u00f6djer din hormonella balans.<\/li><li>Bygga en positiv relation till mat och din kropp.<\/li><\/ul><p><span dir=\"ltr\" role=\"presentation\">Genom att omfamna ett holistiskt syns\u00e4tt kommer du inte bara att n\u00e5 dina viktm\u00e5l, <\/span><span dir=\"ltr\" role=\"presentation\">utan ocks\u00e5 skapa en sundare relation till maten \u2013 och till dig sj\u00e4lv.<\/span><\/p>\t\t\t\t\t\t\t\t<\/div>\n\t\t\t\t<\/div>\n\t\t\t\t\t<\/div>\n\t\t<\/div>\n\t\t\t\t<div class=\"elementor-column elementor-col-50 elementor-top-column elementor-element elementor-element-9233d69\" data-id=\"9233d69\" data-element_type=\"column\" data-e-type=\"column\" data-settings=\"{&quot;background_background&quot;:&quot;classic&quot;}\">\n\t\t\t<div class=\"elementor-widget-wrap elementor-element-populated\">\n\t\t\t\t\t\t<div class=\"elementor-element elementor-element-0bdf804 elementor-widget elementor-widget-spacer\" data-id=\"0bdf804\" data-element_type=\"widget\" data-e-type=\"widget\" data-widget_type=\"spacer.default\">\n\t\t\t\t<div class=\"elementor-widget-container\">\n\t\t\t\t\t\t\t<div class=\"elementor-spacer\">\n\t\t\t<div class=\"elementor-spacer-inner\"><\/div>\n\t\t<\/div>\n\t\t\t\t\t\t<\/div>\n\t\t\t\t<\/div>\n\t\t\t\t\t<\/div>\n\t\t<\/div>\n\t\t\t\t\t<\/div>\n\t\t<\/section>\n\t\t\t\t<section class=\"elementor-section elementor-top-section elementor-element elementor-element-9996586 elementor-section-height-min-height elementor-section-boxed elementor-section-height-default elementor-section-items-middle\" data-id=\"9996586\" data-element_type=\"section\" data-e-type=\"section\" data-settings=\"{&quot;background_background&quot;:&quot;video&quot;,&quot;background_video_link&quot;:&quot;http:\\\/\\\/effectivenutrition.se\\\/wp-content\\\/uploads\\\/2025\\\/04\\\/3048875-uhd_3840_2160_24fps-1.mp4&quot;,&quot;background_play_on_mobile&quot;:&quot;yes&quot;}\">\n\t\t\t\t\t\t\t\t<div class=\"elementor-background-video-container\">\n\t\t\t\t\t\t\t\t\t\t\t\t\t<video class=\"elementor-background-video-hosted\" role=\"presentation\" autoplay muted playsinline loop><\/video>\n\t\t\t\t\t\t\t\t\t\t\t<\/div>\n\t\t\t\t\t\t\t\t\t<div class=\"elementor-background-overlay\"><\/div>\n\t\t\t\t\t\t\t<div class=\"elementor-container elementor-column-gap-default\">\n\t\t\t\t\t<div class=\"elementor-column elementor-col-100 elementor-top-column elementor-element elementor-element-74e7729\" data-id=\"74e7729\" data-element_type=\"column\" data-e-type=\"column\" data-settings=\"{&quot;background_background&quot;:&quot;classic&quot;}\">\n\t\t\t<div class=\"elementor-widget-wrap elementor-element-populated\">\n\t\t\t\t\t\t<div class=\"elementor-element elementor-element-3cd6a03 elementor-widget elementor-widget-heading\" data-id=\"3cd6a03\" data-element_type=\"widget\" data-e-type=\"widget\" data-widget_type=\"heading.default\">\n\t\t\t\t<div class=\"elementor-widget-container\">\n\t\t\t\t\t<h2 class=\"elementor-heading-title elementor-size-default\">Vilka v\u00e5ra tj\u00e4nster v\u00e4nder sig till<\/h2>\t\t\t\t<\/div>\n\t\t\t\t<\/div>\n\t\t\t\t<div class=\"elementor-element elementor-element-a238fd9 elementor-widget elementor-widget-text-editor\" data-id=\"a238fd9\" data-element_type=\"widget\" data-e-type=\"widget\" data-widget_type=\"text-editor.default\">\n\t\t\t\t<div class=\"elementor-widget-container\">\n\t\t\t\t\t\t\t\t\t<p><span dir=\"ltr\" role=\"presentation\">\"F\u00f6r dig som \u00e4r redo att k\u00e4nna balans i kroppen, trygghet i dina val och<\/span><span dir=\"ltr\" role=\"presentation\">gl\u00e4dje i en livsstil d\u00e4r maten fr\u00e4mjar b\u00e5de h\u00e4lsa och v\u00e4lm\u00e5ende.\"<\/span><\/p>\t\t\t\t\t\t\t\t<\/div>\n\t\t\t\t<\/div>\n\t\t\t\t\t<\/div>\n\t\t<\/div>\n\t\t\t\t\t<\/div>\n\t\t<\/section>\n\t\t<div class=\"elementor-element elementor-element-3747029 e-flex e-con-boxed e-con e-parent\" data-id=\"3747029\" data-element_type=\"container\" data-e-type=\"container\" data-settings=\"{&quot;background_background&quot;:&quot;classic&quot;}\">\n\t\t\t\t\t<div class=\"e-con-inner\">\n\t\t\t\t<div class=\"elementor-element elementor-element-8fd9f96 elementor-widget elementor-widget-heading\" data-id=\"8fd9f96\" data-element_type=\"widget\" data-e-type=\"widget\" data-widget_type=\"heading.default\">\n\t\t\t\t<div class=\"elementor-widget-container\">\n\t\t\t\t\t<h2 class=\"elementor-heading-title elementor-size-default\">\u00c4r du redo att b\u00f6rja?<\/h2>\t\t\t\t<\/div>\n\t\t\t\t<\/div>\n\t\t\t\t<div class=\"elementor-element elementor-element-42938e1 elementor-widget elementor-widget-text-editor\" data-id=\"42938e1\" data-element_type=\"widget\" data-e-type=\"widget\" data-widget_type=\"text-editor.default\">\n\t\t\t\t<div class=\"elementor-widget-container\">\n\t\t\t\t\t\t\t\t\t<p>L\u00e4s mer om de tj\u00e4nster Irma erbjuder h\u00e4r nedan.<\/p>\t\t\t\t\t\t\t\t<\/div>\n\t\t\t\t<\/div>\n\t\t\t\t<div class=\"elementor-element elementor-element-c8e8dc7 elementor-align-center elementor-widget elementor-widget-button\" data-id=\"c8e8dc7\" data-element_type=\"widget\" data-e-type=\"widget\" data-widget_type=\"button.default\">\n\t\t\t\t<div class=\"elementor-widget-container\">\n\t\t\t\t\t\t\t\t\t<div class=\"elementor-button-wrapper\">\n\t\t\t\t\t<a class=\"elementor-button elementor-button-link elementor-size-sm\" href=\"http:\/\/effectivenutrition.se\/sv\/?page_id=106\">\n\t\t\t\t\t\t<span class=\"elementor-button-content-wrapper\">\n\t\t\t\t\t\t\t\t\t<span class=\"elementor-button-text\">Se tj\u00e4nster<\/span>\n\t\t\t\t\t<\/span>\n\t\t\t\t\t<\/a>\n\t\t\t\t<\/div>\n\t\t\t\t\t\t\t\t<\/div>\n\t\t\t\t<\/div>\n\t\t\t\t\t<\/div>\n\t\t\t\t<\/div>\n\t\t\t\t<\/div>","protected":false},"excerpt":{"rendered":"<p>Our Approach Our Approach Nourish Your Body, Empower Your Life Do stress at work or in your relationships lead you [&hellip;]<\/p>\n","protected":false},"author":1,"featured_media":0,"parent":0,"menu_order":0,"comment_status":"closed","ping_status":"closed","template":"elementor_header_footer","meta":{"site-sidebar-layout":"no-sidebar","site-content-layout":"","ast-site-content-layout":"full-width-container","site-content-style":"default","site-sidebar-style":"default","ast-global-header-display":"","ast-banner-title-visibility":"","ast-main-header-display":"","ast-hfb-above-header-display":"","ast-hfb-below-header-display":"","ast-hfb-mobile-header-display":"","site-post-title":"disabled","ast-breadcrumbs-content":"","ast-featured-img":"disabled","footer-sml-layout":"","theme-transparent-header-meta":"","adv-header-id-meta":"","stick-header-meta":"","header-above-stick-meta":"","header-main-stick-meta":"","header-below-stick-meta":"","astra-migrate-meta-layouts":"default","ast-page-background-enabled":"default","ast-page-background-meta":{"desktop":{"background-color":"var(--ast-global-color-5)","background-image":"","background-repeat":"repeat","background-position":"center center","background-size":"auto","background-attachment":"scroll","background-type":"","background-media":"","overlay-type":"","overlay-color":"","overlay-opacity":"","overlay-gradient":""},"tablet":{"background-color":"","background-image":"","background-repeat":"repeat","background-position":"center center","background-size":"auto","background-attachment":"scroll","background-type":"","background-media":"","overlay-type":"","overlay-color":"","overlay-opacity":"","overlay-gradient":""},"mobile":{"background-color":"","background-image":"","background-repeat":"repeat","background-position":"center center","background-size":"auto","background-attachment":"scroll","background-type":"","background-media":"","overlay-type":"","overlay-color":"","overlay-opacity":"","overlay-gradient":""}},"ast-content-background-meta":{"desktop":{"background-color":"var(--ast-global-color-4)","background-image":"","background-repeat":"repeat","background-position":"center center","background-size":"auto","background-attachment":"scroll","background-type":"","background-media":"","overlay-type":"","overlay-color":"","overlay-opacity":"","overlay-gradient":""},"tablet":{"background-color":"var(--ast-global-color-4)","background-image":"","background-repeat":"repeat","background-position":"center center","background-size":"auto","background-attachment":"scroll","background-type":"","background-media":"","overlay-type":"","overlay-color":"","overlay-opacity":"","overlay-gradient":""},"mobile":{"background-color":"var(--ast-global-color-4)","background-image":"","background-repeat":"repeat","background-position":"center center","background-size":"auto","background-attachment":"scroll","background-type":"","background-media":"","overlay-type":"","overlay-color":"","overlay-opacity":"","overlay-gradient":""}},"footnotes":""},"class_list":["post-434","page","type-page","status-publish","hentry"],"yoast_head":"<!-- This site is optimized with the Yoast SEO plugin v27.4 - https:\/\/yoast.com\/product\/yoast-seo-wordpress\/ -->\n<title>Approach - Effective Nutrition<\/title>\n<meta name=\"robots\" content=\"index, follow, max-snippet:-1, max-image-preview:large, max-video-preview:-1\" \/>\n<link rel=\"canonical\" href=\"https:\/\/effectivenutrition.se\/sv\/approach\/\" \/>\n<meta property=\"og:locale\" content=\"sv_SE\" \/>\n<meta property=\"og:type\" content=\"article\" \/>\n<meta property=\"og:title\" content=\"Approach - Effective Nutrition\" \/>\n<meta property=\"og:description\" content=\"Our Approach Our Approach Nourish Your Body, Empower Your Life Do stress at work or in your relationships lead you [&hellip;]\" \/>\n<meta property=\"og:url\" content=\"https:\/\/effectivenutrition.se\/sv\/approach\/\" \/>\n<meta property=\"og:site_name\" content=\"Effective Nutrition\" \/>\n<meta property=\"article:modified_time\" content=\"2025-05-21T17:05:25+00:00\" \/>\n<meta name=\"twitter:card\" content=\"summary_large_image\" \/>\n<meta name=\"twitter:label1\" content=\"Ber\u00e4knad l\u00e4stid\" \/>\n\t<meta name=\"twitter:data1\" content=\"1 minut\" \/>\n<script type=\"application\/ld+json\" class=\"yoast-schema-graph\">{\"@context\":\"https:\\\/\\\/schema.org\",\"@graph\":[{\"@type\":\"WebPage\",\"@id\":\"https:\\\/\\\/effectivenutrition.se\\\/approach\\\/\",\"url\":\"https:\\\/\\\/effectivenutrition.se\\\/approach\\\/\",\"name\":\"Approach - Effective Nutrition\",\"isPartOf\":{\"@id\":\"https:\\\/\\\/effectivenutrition.se\\\/#website\"},\"datePublished\":\"2025-04-07T10:17:00+00:00\",\"dateModified\":\"2025-05-21T17:05:25+00:00\",\"breadcrumb\":{\"@id\":\"https:\\\/\\\/effectivenutrition.se\\\/approach\\\/#breadcrumb\"},\"inLanguage\":\"sv-SE\",\"potentialAction\":[{\"@type\":\"ReadAction\",\"target\":[\"https:\\\/\\\/effectivenutrition.se\\\/approach\\\/\"]}]},{\"@type\":\"BreadcrumbList\",\"@id\":\"https:\\\/\\\/effectivenutrition.se\\\/approach\\\/#breadcrumb\",\"itemListElement\":[{\"@type\":\"ListItem\",\"position\":1,\"name\":\"Home\",\"item\":\"https:\\\/\\\/effectivenutrition.se\\\/\"},{\"@type\":\"ListItem\",\"position\":2,\"name\":\"Approach\"}]},{\"@type\":\"WebSite\",\"@id\":\"https:\\\/\\\/effectivenutrition.se\\\/#website\",\"url\":\"https:\\\/\\\/effectivenutrition.se\\\/\",\"name\":\"Effective Nutrition\",\"description\":\"\",\"potentialAction\":[{\"@type\":\"SearchAction\",\"target\":{\"@type\":\"EntryPoint\",\"urlTemplate\":\"https:\\\/\\\/effectivenutrition.se\\\/?s={search_term_string}\"},\"query-input\":{\"@type\":\"PropertyValueSpecification\",\"valueRequired\":true,\"valueName\":\"search_term_string\"}}],\"inLanguage\":\"sv-SE\"}]}<\/script>\n<!-- \/ Yoast SEO plugin. -->","yoast_head_json":{"title":"Approach - Effective Nutrition","robots":{"index":"index","follow":"follow","max-snippet":"max-snippet:-1","max-image-preview":"max-image-preview:large","max-video-preview":"max-video-preview:-1"},"canonical":"https:\/\/effectivenutrition.se\/sv\/approach\/","og_locale":"sv_SE","og_type":"article","og_title":"Approach - Effective Nutrition","og_description":"Our Approach Our Approach Nourish Your Body, Empower Your Life Do stress at work or in your relationships lead you [&hellip;]","og_url":"https:\/\/effectivenutrition.se\/sv\/approach\/","og_site_name":"Effective Nutrition","article_modified_time":"2025-05-21T17:05:25+00:00","twitter_card":"summary_large_image","twitter_misc":{"Ber\u00e4knad l\u00e4stid":"1 minut"},"schema":{"@context":"https:\/\/schema.org","@graph":[{"@type":"WebPage","@id":"https:\/\/effectivenutrition.se\/approach\/","url":"https:\/\/effectivenutrition.se\/approach\/","name":"Approach - Effective Nutrition","isPartOf":{"@id":"https:\/\/effectivenutrition.se\/#website"},"datePublished":"2025-04-07T10:17:00+00:00","dateModified":"2025-05-21T17:05:25+00:00","breadcrumb":{"@id":"https:\/\/effectivenutrition.se\/approach\/#breadcrumb"},"inLanguage":"sv-SE","potentialAction":[{"@type":"ReadAction","target":["https:\/\/effectivenutrition.se\/approach\/"]}]},{"@type":"BreadcrumbList","@id":"https:\/\/effectivenutrition.se\/approach\/#breadcrumb","itemListElement":[{"@type":"ListItem","position":1,"name":"Home","item":"https:\/\/effectivenutrition.se\/"},{"@type":"ListItem","position":2,"name":"Approach"}]},{"@type":"WebSite","@id":"https:\/\/effectivenutrition.se\/#website","url":"https:\/\/effectivenutrition.se\/","name":"Effective Nutrition","description":"","potentialAction":[{"@type":"SearchAction","target":{"@type":"EntryPoint","urlTemplate":"https:\/\/effectivenutrition.se\/?s={search_term_string}"},"query-input":{"@type":"PropertyValueSpecification","valueRequired":true,"valueName":"search_term_string"}}],"inLanguage":"sv-SE"}]}},"_links":{"self":[{"href":"https:\/\/effectivenutrition.se\/sv\/wp-json\/wp\/v2\/pages\/434","targetHints":{"allow":["GET"]}}],"collection":[{"href":"https:\/\/effectivenutrition.se\/sv\/wp-json\/wp\/v2\/pages"}],"about":[{"href":"https:\/\/effectivenutrition.se\/sv\/wp-json\/wp\/v2\/types\/page"}],"author":[{"embeddable":true,"href":"https:\/\/effectivenutrition.se\/sv\/wp-json\/wp\/v2\/users\/1"}],"replies":[{"embeddable":true,"href":"https:\/\/effectivenutrition.se\/sv\/wp-json\/wp\/v2\/comments?post=434"}],"version-history":[{"count":163,"href":"https:\/\/effectivenutrition.se\/sv\/wp-json\/wp\/v2\/pages\/434\/revisions"}],"predecessor-version":[{"id":2439,"href":"https:\/\/effectivenutrition.se\/sv\/wp-json\/wp\/v2\/pages\/434\/revisions\/2439"}],"wp:attachment":[{"href":"https:\/\/effectivenutrition.se\/sv\/wp-json\/wp\/v2\/media?parent=434"}],"curies":[{"name":"wp","href":"https:\/\/api.w.org\/{rel}","templated":true}]}}